{"id":380,"date":"2022-02-07T21:32:38","date_gmt":"2022-02-07T21:32:38","guid":{"rendered":"https:\/\/casapro.ca\/?page_id=380"},"modified":"2023-10-31T21:04:24","modified_gmt":"2023-10-31T21:04:24","slug":"horaire-tarifs","status":"publish","type":"page","link":"https:\/\/casapro.ca\/?page_id=380","title":{"rendered":"Horaire"},"content":{"rendered":"\n<p>Veuillez nous communiquer par courriel ou par t\u00e9l\u00e9phone pour conna\u00eetre les plages horaires disponible, selon votre besoin, pour :<\/p>\n\n\n\n<p><\/p>\n\n\n\n<ul><li>cours en entreprise (virtuel ou pr\u00e9sentiel sur le lieu de travail)<\/li><li>entra\u00eenement priv\u00e9 au studio de Lorraine<\/li><\/ul>\n\n\n\n<p>hdiller@videoron.ca<\/p>\n\n\n\n<p>514-244-3654<\/p>\n","protected":false},"excerpt":{"rendered":"<p>Veuillez nous communiquer par courriel ou par t\u00e9l\u00e9phone pour conna\u00eetre les plages horaires disponible, selon votre besoin, pour : cours en entreprise<\/p>\n<p class=\"link-more\"><a class=\"myButt \" href=\"https:\/\/casapro.ca\/?page_id=380\">Read More<\/a><\/p>\n","protected":false},"author":1,"featured_media":0,"parent":0,"menu_order":0,"comment_status":"closed","ping_status":"closed","template":"","meta":[],"_links":{"self":[{"href":"https:\/\/casapro.ca\/index.php?rest_route=\/wp\/v2\/pages\/380"}],"collection":[{"href":"https:\/\/casapro.ca\/index.php?rest_route=\/wp\/v2\/pages"}],"about":[{"href":"https:\/\/casapro.ca\/index.php?rest_route=\/wp\/v2\/types\/page"}],"author":[{"embeddable":true,"href":"https:\/\/casapro.ca\/index.php?rest_route=\/wp\/v2\/users\/1"}],"replies":[{"embeddable":true,"href":"https:\/\/casapro.ca\/index.php?rest_route=%2Fwp%2Fv2%2Fcomments&post=380"}],"version-history":[{"count":10,"href":"https:\/\/casapro.ca\/index.php?rest_route=\/wp\/v2\/pages\/380\/revisions"}],"predecessor-version":[{"id":453,"href":"https:\/\/casapro.ca\/index.php?rest_route=\/wp\/v2\/pages\/380\/revisions\/453"}],"wp:attachment":[{"href":"https:\/\/casapro.ca\/index.php?rest_route=%2Fwp%2Fv2%2Fmedia&parent=380"}],"curies":[{"name":"wp","href":"https:\/\/api.w.org\/{rel}","templated":true}]}}