{"id":310,"date":"2022-02-01T21:05:28","date_gmt":"2022-02-01T21:05:28","guid":{"rendered":"https:\/\/casapro.ca\/?page_id=310"},"modified":"2022-02-03T02:14:52","modified_gmt":"2022-02-03T02:14:52","slug":"en-ligne","status":"publish","type":"page","link":"https:\/\/casapro.ca\/?page_id=310","title":{"rendered":"En ligne"},"content":{"rendered":"\n<p><\/p>\n\n\n\n<p><mark style=\"background-color:rgba(0, 0, 0, 0)\" class=\"has-inline-color has-luminous-vivid-orange-color\"><strong>COURS EN DIRECT &#8211; VIA LA PLATEFORME <em>ZOOM <\/em><\/strong><\/mark><\/p>\n\n\n\n<ul><li>Cours (45 ou 60 minutes) devant l&rsquo;\u00e9cran<\/li><li>Cours de groupe, en priv\u00e9 ou semi-priv\u00e9<\/li><\/ul>\n\n\n\n<div class=\"wp-block-image\"><figure class=\"aligncenter size-full is-resized\"><a href=\"http:\/\/casapro.ca\/wp-content\/uploads\/2022\/01\/AdobeStock_340872696-1-scaled.jpeg\"><img loading=\"lazy\" src=\"http:\/\/casapro.ca\/wp-content\/uploads\/2022\/01\/AdobeStock_340872696-1-scaled.jpeg\" alt=\"\" class=\"wp-image-243\" width=\"332\" height=\"220\" srcset=\"https:\/\/casapro.ca\/wp-content\/uploads\/2022\/01\/AdobeStock_340872696-1-scaled.jpeg 2560w, https:\/\/casapro.ca\/wp-content\/uploads\/2022\/01\/AdobeStock_340872696-1-300x200.jpeg 300w\" sizes=\"(max-width: 332px) 100vw, 332px\" \/><\/a><\/figure><\/div>\n\n\n\n<p><\/p>\n\n\n\n<p><\/p>\n\n\n\n<h4 id=\"cours-en-differe-pour-visionnement-sur-periode-de-7-jours\"><mark style=\"background-color:rgba(0, 0, 0, 0)\" class=\"has-inline-color has-luminous-vivid-orange-color\">COURS EN DIFF\u00c9R\u00c9 (POUR VISIONNEMENT SUR P\u00c9RIODE DE 7 JOURS)<\/mark> <\/h4>\n\n\n\n<p><\/p>\n\n\n\n<ul><li>Disponible sur absence ou \u00e0 chaque semaine, selon le besoin<\/li><\/ul>\n\n\n\n<div class=\"wp-block-image\"><figure class=\"aligncenter size-large is-resized\"><a href=\"http:\/\/casapro.ca\/wp-content\/uploads\/2022\/01\/AdobeStock_341179766-scaled.jpg\"><img loading=\"lazy\" src=\"http:\/\/casapro.ca\/wp-content\/uploads\/2022\/01\/AdobeStock_341179766-1024x683.jpg\" alt=\"\" class=\"wp-image-211\" width=\"306\" height=\"269\"\/><\/a><\/figure><\/div>\n\n\n\n<p><\/p>\n","protected":false},"excerpt":{"rendered":"<p>COURS EN DIRECT &#8211; VIA LA PLATEFORME ZOOM Cours (45 ou 60 minutes) devant l&rsquo;\u00e9cran Cours de groupe, en priv\u00e9 ou semi-priv\u00e9<\/p>\n<p class=\"link-more\"><a class=\"myButt \" href=\"https:\/\/casapro.ca\/?page_id=310\">Read More<\/a><\/p>\n","protected":false},"author":1,"featured_media":0,"parent":0,"menu_order":0,"comment_status":"closed","ping_status":"closed","template":"","meta":[],"_links":{"self":[{"href":"https:\/\/casapro.ca\/index.php?rest_route=\/wp\/v2\/pages\/310"}],"collection":[{"href":"https:\/\/casapro.ca\/index.php?rest_route=\/wp\/v2\/pages"}],"about":[{"href":"https:\/\/casapro.ca\/index.php?rest_route=\/wp\/v2\/types\/page"}],"author":[{"embeddable":true,"href":"https:\/\/casapro.ca\/index.php?rest_route=\/wp\/v2\/users\/1"}],"replies":[{"embeddable":true,"href":"https:\/\/casapro.ca\/index.php?rest_route=%2Fwp%2Fv2%2Fcomments&post=310"}],"version-history":[{"count":8,"href":"https:\/\/casapro.ca\/index.php?rest_route=\/wp\/v2\/pages\/310\/revisions"}],"predecessor-version":[{"id":351,"href":"https:\/\/casapro.ca\/index.php?rest_route=\/wp\/v2\/pages\/310\/revisions\/351"}],"wp:attachment":[{"href":"https:\/\/casapro.ca\/index.php?rest_route=%2Fwp%2Fv2%2Fmedia&parent=310"}],"curies":[{"name":"wp","href":"https:\/\/api.w.org\/{rel}","templated":true}]}}