{"id":223,"date":"2022-01-28T03:32:08","date_gmt":"2022-01-28T03:32:08","guid":{"rendered":"http:\/\/casapro.ca\/?page_id=223"},"modified":"2023-10-31T20:58:11","modified_gmt":"2023-10-31T20:58:11","slug":"cours-prives","status":"publish","type":"page","link":"https:\/\/casapro.ca\/?page_id=223","title":{"rendered":"Cours priv\u00e9s"},"content":{"rendered":"\n<p>Votre entra\u00eenement sera \u00e9labor\u00e9 selon vos besoins et objectifs. Une \u00e9valuation posturale et de la condition physique est n\u00e9cessaire avant d&rsquo;entamer un programme (Pilates ou cardio). L&rsquo;entra\u00eenement peut se faire sur Reformer (table de Pilates), sur Springwall\/Cadillac (appareil au mur), ou sur un v\u00e9lo de spinning (pour un entra\u00eenement plus cardiovasculaire).<\/p>\n\n\n<div class=\"wp-block-image\">\n<figure class=\"aligncenter size-large\"><a href=\"https:\/\/casapro.ca\/wp-content\/uploads\/2022\/02\/XDB_9923-scaled.jpg\"><img loading=\"lazy\" width=\"1024\" height=\"681\" src=\"https:\/\/casapro.ca\/wp-content\/uploads\/2022\/02\/XDB_9923-1024x681.jpg\" alt=\"\" class=\"wp-image-368\" srcset=\"https:\/\/casapro.ca\/wp-content\/uploads\/2022\/02\/XDB_9923-1024x681.jpg 1024w, https:\/\/casapro.ca\/wp-content\/uploads\/2022\/02\/XDB_9923-300x200.jpg 300w, https:\/\/casapro.ca\/wp-content\/uploads\/2022\/02\/XDB_9923-768x511.jpg 768w, https:\/\/casapro.ca\/wp-content\/uploads\/2022\/02\/XDB_9923-1536x1022.jpg 1536w, https:\/\/casapro.ca\/wp-content\/uploads\/2022\/02\/XDB_9923-2048x1363.jpg 2048w\" sizes=\"(max-width: 1024px) 100vw, 1024px\" \/><\/a><\/figure><\/div>","protected":false},"excerpt":{"rendered":"<p>Votre entra\u00eenement sera \u00e9labor\u00e9 selon vos besoins et objectifs. Une \u00e9valuation posturale et de la condition physique est n\u00e9cessaire avant d&rsquo;entamer un<\/p>\n<p class=\"link-more\"><a class=\"myButt \" href=\"https:\/\/casapro.ca\/?page_id=223\">Read More<\/a><\/p>\n","protected":false},"author":1,"featured_media":0,"parent":0,"menu_order":0,"comment_status":"closed","ping_status":"closed","template":"","meta":[],"_links":{"self":[{"href":"https:\/\/casapro.ca\/index.php?rest_route=\/wp\/v2\/pages\/223"}],"collection":[{"href":"https:\/\/casapro.ca\/index.php?rest_route=\/wp\/v2\/pages"}],"about":[{"href":"https:\/\/casapro.ca\/index.php?rest_route=\/wp\/v2\/types\/page"}],"author":[{"embeddable":true,"href":"https:\/\/casapro.ca\/index.php?rest_route=\/wp\/v2\/users\/1"}],"replies":[{"embeddable":true,"href":"https:\/\/casapro.ca\/index.php?rest_route=%2Fwp%2Fv2%2Fcomments&post=223"}],"version-history":[{"count":6,"href":"https:\/\/casapro.ca\/index.php?rest_route=\/wp\/v2\/pages\/223\/revisions"}],"predecessor-version":[{"id":450,"href":"https:\/\/casapro.ca\/index.php?rest_route=\/wp\/v2\/pages\/223\/revisions\/450"}],"wp:attachment":[{"href":"https:\/\/casapro.ca\/index.php?rest_route=%2Fwp%2Fv2%2Fmedia&parent=223"}],"curies":[{"name":"wp","href":"https:\/\/api.w.org\/{rel}","templated":true}]}}