{"id":202,"date":"2022-01-28T02:13:27","date_gmt":"2022-01-28T02:13:27","guid":{"rendered":"http:\/\/casapro.ca\/?page_id=202"},"modified":"2023-10-31T22:11:34","modified_gmt":"2023-10-31T22:11:34","slug":"aux-particuliers","status":"publish","type":"page","link":"https:\/\/casapro.ca\/?page_id=202","title":{"rendered":"Services offerts aux particuliers"},"content":{"rendered":"\n<h4 class=\"has-luminous-vivid-orange-color has-text-color\" id=\"prive-semi-prive-en-studio\"><strong><mark style=\"background-color:rgba(0, 0, 0, 0)\" class=\"has-inline-color has-luminous-vivid-orange-color\">PRIV<\/mark><\/strong>\u00c9 EN STUDIO<\/h4>\n\n\n\n<div class=\"wp-container-2 wp-block-group\"><div class=\"wp-block-group__inner-container\">\n<div class=\"wp-container-1 wp-block-group\"><div class=\"wp-block-group__inner-container\">\n<ul><li>\u00c9valuations posturale et\/ou condition physique<\/li><li>Prise du taux de gras<\/li><li>Programme personnalis\u00e9 avec suivis <\/li><li>Entra\u00eenement priv\u00e9 <\/li><\/ul>\n<\/div><\/div>\n<\/div><\/div>\n\n\n\n<figure class=\"wp-block-image size-large is-resized\"><img loading=\"lazy\" src=\"http:\/\/casapro.ca\/wp-content\/uploads\/2020\/11\/AdobeStock_304179228-1024x683.jpeg\" alt=\"\" class=\"wp-image-159\" width=\"355\" height=\"236\" srcset=\"https:\/\/casapro.ca\/wp-content\/uploads\/2020\/11\/AdobeStock_304179228-1024x683.jpeg 1024w, https:\/\/casapro.ca\/wp-content\/uploads\/2020\/11\/AdobeStock_304179228-300x200.jpeg 300w, https:\/\/casapro.ca\/wp-content\/uploads\/2020\/11\/AdobeStock_304179228-768x512.jpeg 768w, https:\/\/casapro.ca\/wp-content\/uploads\/2020\/11\/AdobeStock_304179228-1536x1024.jpeg 1536w, https:\/\/casapro.ca\/wp-content\/uploads\/2020\/11\/AdobeStock_304179228-2048x1365.jpeg 2048w, https:\/\/casapro.ca\/wp-content\/uploads\/2020\/11\/AdobeStock_304179228-220x147.jpeg 220w\" sizes=\"(max-width: 355px) 100vw, 355px\" \/><\/figure>\n\n\n\n<figure class=\"wp-container-4 wp-block-gallery-3 wp-block-gallery has-nested-images columns-default is-cropped\"><\/figure>\n","protected":false},"excerpt":{"rendered":"<p>PRIV\u00c9 EN STUDIO \u00c9valuations posturale et\/ou condition physique Prise du taux de gras Programme personnalis\u00e9 avec suivis Entra\u00eenement priv\u00e9<\/p>\n","protected":false},"author":1,"featured_media":0,"parent":0,"menu_order":0,"comment_status":"closed","ping_status":"closed","template":"","meta":[],"_links":{"self":[{"href":"https:\/\/casapro.ca\/index.php?rest_route=\/wp\/v2\/pages\/202"}],"collection":[{"href":"https:\/\/casapro.ca\/index.php?rest_route=\/wp\/v2\/pages"}],"about":[{"href":"https:\/\/casapro.ca\/index.php?rest_route=\/wp\/v2\/types\/page"}],"author":[{"embeddable":true,"href":"https:\/\/casapro.ca\/index.php?rest_route=\/wp\/v2\/users\/1"}],"replies":[{"embeddable":true,"href":"https:\/\/casapro.ca\/index.php?rest_route=%2Fwp%2Fv2%2Fcomments&post=202"}],"version-history":[{"count":8,"href":"https:\/\/casapro.ca\/index.php?rest_route=\/wp\/v2\/pages\/202\/revisions"}],"predecessor-version":[{"id":456,"href":"https:\/\/casapro.ca\/index.php?rest_route=\/wp\/v2\/pages\/202\/revisions\/456"}],"wp:attachment":[{"href":"https:\/\/casapro.ca\/index.php?rest_route=%2Fwp%2Fv2%2Fmedia&parent=202"}],"curies":[{"name":"wp","href":"https:\/\/api.w.org\/{rel}","templated":true}]}}